{"id":87,"date":"2013-05-20T12:29:26","date_gmt":"2013-05-20T10:29:26","guid":{"rendered":"http:\/\/192.168.0.1\/hungermarsch\/?page_id=87"},"modified":"2025-04-06T10:00:27","modified_gmt":"2025-04-06T08:00:27","slug":"ruanda","status":"publish","type":"page","link":"https:\/\/hungermarsch.de\/?page_id=87","title":{"rendered":"Ruanda"},"content":{"rendered":"<h1>Ruhango Krankenhaus \u2013 Dr. Uta D\u00fcll<\/h1>\n<p>Neben ihrer Arbeit im Krankenhaus unterst\u00fctzt die \u00c4rztin Uta D\u00fcll auch Familien der Kinder, die an Spina Bifida (Spaltung der Wirbels\u00e4ule w\u00e4hrend der Embryonalentwicklung) erkrankt sind.<\/p>\n<p>Nach erfolgreicher Operation k\u00f6nnen die Kinder eine normale Schule besuchen und haben Chancen auf ein normales Leben. So konnte sie z. B. 2024 ein Haus f\u00fcr eine Familie bauen und ihr ein Leben mit einer guten Perspektive erm\u00f6glichen.<\/p>\n","protected":false},"excerpt":{"rendered":"<p>Ruhango Krankenhaus \u2013 Dr. Uta D\u00fcll Neben ihrer Arbeit im Krankenhaus unterst\u00fctzt die \u00c4rztin Uta D\u00fcll auch Familien der Kinder, die an Spina Bifida (Spaltung der Wirbels\u00e4ule w\u00e4hrend der Embryonalentwicklung) erkrankt sind. Nach erfolgreicher Operation k\u00f6nnen die Kinder eine normale Schule besuchen und haben Chancen auf ein normales Leben. So konnte sie z. B. 2024 [&hellip;]<\/p>\n","protected":false},"author":1,"featured_media":0,"parent":0,"menu_order":0,"comment_status":"closed","ping_status":"open","template":"","meta":{"footnotes":""},"class_list":["post-87","page","type-page","status-publish","hentry"],"_links":{"self":[{"href":"https:\/\/hungermarsch.de\/index.php?rest_route=\/wp\/v2\/pages\/87","targetHints":{"allow":["GET"]}}],"collection":[{"href":"https:\/\/hungermarsch.de\/index.php?rest_route=\/wp\/v2\/pages"}],"about":[{"href":"https:\/\/hungermarsch.de\/index.php?rest_route=\/wp\/v2\/types\/page"}],"author":[{"embeddable":true,"href":"https:\/\/hungermarsch.de\/index.php?rest_route=\/wp\/v2\/users\/1"}],"replies":[{"embeddable":true,"href":"https:\/\/hungermarsch.de\/index.php?rest_route=%2Fwp%2Fv2%2Fcomments&post=87"}],"version-history":[{"count":10,"href":"https:\/\/hungermarsch.de\/index.php?rest_route=\/wp\/v2\/pages\/87\/revisions"}],"predecessor-version":[{"id":677,"href":"https:\/\/hungermarsch.de\/index.php?rest_route=\/wp\/v2\/pages\/87\/revisions\/677"}],"wp:attachment":[{"href":"https:\/\/hungermarsch.de\/index.php?rest_route=%2Fwp%2Fv2%2Fmedia&parent=87"}],"curies":[{"name":"wp","href":"https:\/\/api.w.org\/{rel}","templated":true}]}}