{"id":69,"date":"2013-05-20T12:29:25","date_gmt":"2013-05-20T10:29:25","guid":{"rendered":"http:\/\/192.168.0.1\/hungermarsch\/?page_id=69"},"modified":"2025-04-06T09:59:04","modified_gmt":"2025-04-06T07:59:04","slug":"kongo","status":"publish","type":"page","link":"https:\/\/hungermarsch.de\/?page_id=69","title":{"rendered":"Kongo"},"content":{"rendered":"<h1>Schulzentrum Budikadidi in Tshikapa<br \/>\nVerein Mooyo Utante e. V.<br \/>\nVors. Pfr. Dr. Constantin WM. Panu<\/h1>\n<p>In Tshikapa (DR Kongo) konnten drei Ausbildungsr\u00e4ume f\u00fcr den praktischen Unterricht in Krankenpflege, Schneidern und N\u00e4hen sowie Elektro- und Schreiner-Handwerksberufe mit M\u00f6beln, verschiedenen Maschinen sowie Lehrmaterialien ausgestattet werden.<\/p>\n<p>In den kommenden Jahren m\u00f6chten wir f\u00fcnf Klassenzimmer f\u00fcr den theoretischen Unterricht bauen, da die Zahl der Sch\u00fclerinnen und Sch\u00fcler stetig steigt.<\/p>\n<hr \/>\n<h1><strong>Landwirtschaftsprojekt in Mukulakulu<br \/>\n<\/strong>Verein FePaGri (F\u00e9d\u00e9ration paroissiale des<br \/>\nagriculteurs) | Vors. Abb\u00e9 Nyembo Monga<\/h1>\n<p>Wasser ist Leben. Um dieses kostbare Nass ins kongolesische Dorf Mukulakulu zu bef\u00f6rdern hat die Dorfbev\u00f6lkerung vor vier Jahren eine Quelle gefasst und Wasserrohre gelegt.<\/p>\n<p>Das vom Bundesministerium und unserem Hungermarschverein finanzierte Landwirtschaftsprojekt und die stetige Weiterentwicklung der Schule im Ort (Unterricht bis zum Abitur sowie Landwirtschaftsschule) erm\u00f6glichen Hilfe zur Selbsthilfe und lassen f\u00fcr die Zukunft hoffen.<\/p>\n<p>Trotz der Unruhen, die im Nordosten (Grenze zu Ruanda) das riesige Land ersch\u00fcttern. Ihre Spenden dienen der Landwirtschaftsschule.<\/p>\n<p>&nbsp;<\/p>\n","protected":false},"excerpt":{"rendered":"<p>Schulzentrum Budikadidi in Tshikapa Verein Mooyo Utante e. V. Vors. Pfr. Dr. Constantin WM. Panu In Tshikapa (DR Kongo) konnten drei Ausbildungsr\u00e4ume f\u00fcr den praktischen Unterricht in Krankenpflege, Schneidern und N\u00e4hen sowie Elektro- und Schreiner-Handwerksberufe mit M\u00f6beln, verschiedenen Maschinen sowie Lehrmaterialien ausgestattet werden. In den kommenden Jahren m\u00f6chten wir f\u00fcnf Klassenzimmer f\u00fcr den theoretischen Unterricht [&hellip;]<\/p>\n","protected":false},"author":1,"featured_media":0,"parent":0,"menu_order":0,"comment_status":"closed","ping_status":"open","template":"","meta":{"footnotes":""},"class_list":["post-69","page","type-page","status-publish","hentry"],"_links":{"self":[{"href":"https:\/\/hungermarsch.de\/index.php?rest_route=\/wp\/v2\/pages\/69","targetHints":{"allow":["GET"]}}],"collection":[{"href":"https:\/\/hungermarsch.de\/index.php?rest_route=\/wp\/v2\/pages"}],"about":[{"href":"https:\/\/hungermarsch.de\/index.php?rest_route=\/wp\/v2\/types\/page"}],"author":[{"embeddable":true,"href":"https:\/\/hungermarsch.de\/index.php?rest_route=\/wp\/v2\/users\/1"}],"replies":[{"embeddable":true,"href":"https:\/\/hungermarsch.de\/index.php?rest_route=%2Fwp%2Fv2%2Fcomments&post=69"}],"version-history":[{"count":16,"href":"https:\/\/hungermarsch.de\/index.php?rest_route=\/wp\/v2\/pages\/69\/revisions"}],"predecessor-version":[{"id":675,"href":"https:\/\/hungermarsch.de\/index.php?rest_route=\/wp\/v2\/pages\/69\/revisions\/675"}],"wp:attachment":[{"href":"https:\/\/hungermarsch.de\/index.php?rest_route=%2Fwp%2Fv2%2Fmedia&parent=69"}],"curies":[{"name":"wp","href":"https:\/\/api.w.org\/{rel}","templated":true}]}}