{"id":62,"date":"2013-05-20T12:29:25","date_gmt":"2013-05-20T10:29:25","guid":{"rendered":"http:\/\/192.168.0.1\/hungermarsch\/?page_id=62"},"modified":"2025-04-06T09:56:56","modified_gmt":"2025-04-06T07:56:56","slug":"kenia","status":"publish","type":"page","link":"https:\/\/hungermarsch.de\/?page_id=62","title":{"rendered":"Kenia"},"content":{"rendered":"<h1 style=\"text-align: left;\"><strong>Stra\u00dfenkinderprojekt in Mombasa<\/strong><br \/>\n<strong> \u201eGrandsons of Abraham\u201c St. Joseph Schwestern<\/strong><\/h1>\n<p style=\"text-align: left;\">In Mombasa unterhalten die St. Josephs-Schwestern ein Haus f\u00fcr Stra\u00dfenkinder. In den vergangenen Jahren konnte dieses Haus erweitert werden und erm\u00f6glicht vielen Kindern eine schulische Ausbildung, Unterkunft und Verpflegung.<\/p>\n<p style=\"text-align: left;\">Die Schwestern f\u00f6rdern diese Kinder und Jugendlichen, st\u00e4rken sie in ihren Talenten (s. Foto der Baseballmannschaft) und geben ihnen ein neues Zuhause.<\/p>\n<p style=\"text-align: left;\">Die Schwestern bitten uns um Mitfinanzierung der Schulgelder, der notwendigen Lebensmittel und um eine Hilfe bei der Ausstattung der Schule.<\/p>\n<hr \/>\n<h1 style=\"text-align: left;\">St. Joseph Shelter of Hope Centre.Voi<br \/>\nSr. Genovefa Maashao<\/h1>\n<p>Mehr als 1.500 Menschen, die mit dem HI-Virus infiziert sind, werden von den Schwestern medizinisch versorgt, sie begleiten Selbsthilfegruppen und betreuen die vielen Kranken. Auch die Betreuung der vielen Aidswaisen ist ein Schwerpunkt ihrer Arbeit und unserer Hilfe.<\/p>\n<p>Die Arbeit kristallisiert sich vor allem auf das Missionskrankenhaus (St. Joseph Shelter of Hope) in Voi. Das Krankenhaus hat mittlerweile einen hohen Level erreicht und durch die Dialysestation sehr viele Patienten.<\/p>\n<p>Da die Stromversorgung sehr unsicher ist, soll das Krankenhaus eine Photovoltaikanlage erhalten. Wir m\u00f6chten uns an der Finanzierung beteiligen.<\/p>\n<p>&nbsp;<\/p>\n","protected":false},"excerpt":{"rendered":"<p>Stra\u00dfenkinderprojekt in Mombasa \u201eGrandsons of Abraham\u201c St. Joseph Schwestern In Mombasa unterhalten die St. Josephs-Schwestern ein Haus f\u00fcr Stra\u00dfenkinder. In den vergangenen Jahren konnte dieses Haus erweitert werden und erm\u00f6glicht vielen Kindern eine schulische Ausbildung, Unterkunft und Verpflegung. Die Schwestern f\u00f6rdern diese Kinder und Jugendlichen, st\u00e4rken sie in ihren Talenten (s. Foto der Baseballmannschaft) und [&hellip;]<\/p>\n","protected":false},"author":1,"featured_media":0,"parent":0,"menu_order":0,"comment_status":"closed","ping_status":"open","template":"","meta":{"footnotes":""},"class_list":["post-62","page","type-page","status-publish","hentry"],"_links":{"self":[{"href":"https:\/\/hungermarsch.de\/index.php?rest_route=\/wp\/v2\/pages\/62","targetHints":{"allow":["GET"]}}],"collection":[{"href":"https:\/\/hungermarsch.de\/index.php?rest_route=\/wp\/v2\/pages"}],"about":[{"href":"https:\/\/hungermarsch.de\/index.php?rest_route=\/wp\/v2\/types\/page"}],"author":[{"embeddable":true,"href":"https:\/\/hungermarsch.de\/index.php?rest_route=\/wp\/v2\/users\/1"}],"replies":[{"embeddable":true,"href":"https:\/\/hungermarsch.de\/index.php?rest_route=%2Fwp%2Fv2%2Fcomments&post=62"}],"version-history":[{"count":26,"href":"https:\/\/hungermarsch.de\/index.php?rest_route=\/wp\/v2\/pages\/62\/revisions"}],"predecessor-version":[{"id":673,"href":"https:\/\/hungermarsch.de\/index.php?rest_route=\/wp\/v2\/pages\/62\/revisions\/673"}],"wp:attachment":[{"href":"https:\/\/hungermarsch.de\/index.php?rest_route=%2Fwp%2Fv2%2Fmedia&parent=62"}],"curies":[{"name":"wp","href":"https:\/\/api.w.org\/{rel}","templated":true}]}}