{"id":60,"date":"2013-05-20T12:29:26","date_gmt":"2013-05-20T10:29:26","guid":{"rendered":"http:\/\/192.168.0.1\/hungermarsch\/?page_id=60"},"modified":"2025-04-06T10:01:58","modified_gmt":"2025-04-06T08:01:58","slug":"sansibar","status":"publish","type":"page","link":"https:\/\/hungermarsch.de\/?page_id=60","title":{"rendered":"Sansibar"},"content":{"rendered":"<h1>Rehazentrum f\u00fcr misshandelte Kinder und Frauen<br \/>\n&#8211; Bischof Augustin Shao<\/h1>\n<p>Das \u201eSave House\u201c (Rehabilitationszentrum) f\u00fcr Frauen und Kinder, die nach Gewalttaten traumatisiert sind, wurde fertiggestellt. Der Ausbau dieses Zentrums wird in den kommenden drei Jahren weiter eine wichtige Aufgabe sein.<\/p>\n<p>Neben Wohnm\u00f6glichkeiten f\u00fcr die Frauen werden die R\u00e4ume noch ausgestattet f\u00fcr therapeutische Behandlungen und einer N\u00e4hstube. Damit sollen die Frauen in ihrer Selbst\u00e4ndigkeit unterst\u00fctzt werden.<\/p>\n<p>Im Gebiet Kiboje entsteht eine neue Gesundheitsstation f\u00fcr bed\u00fcrftige Menschen in der Umgebung von Sansibar-Stadt. Auch diese Station wollen wir unterst\u00fctzen.<\/p>\n","protected":false},"excerpt":{"rendered":"<p>Rehazentrum f\u00fcr misshandelte Kinder und Frauen &#8211; Bischof Augustin Shao Das \u201eSave House\u201c (Rehabilitationszentrum) f\u00fcr Frauen und Kinder, die nach Gewalttaten traumatisiert sind, wurde fertiggestellt. Der Ausbau dieses Zentrums wird in den kommenden drei Jahren weiter eine wichtige Aufgabe sein. Neben Wohnm\u00f6glichkeiten f\u00fcr die Frauen werden die R\u00e4ume noch ausgestattet f\u00fcr therapeutische Behandlungen und einer [&hellip;]<\/p>\n","protected":false},"author":1,"featured_media":0,"parent":0,"menu_order":0,"comment_status":"closed","ping_status":"open","template":"","meta":{"footnotes":""},"class_list":["post-60","page","type-page","status-publish","hentry"],"_links":{"self":[{"href":"https:\/\/hungermarsch.de\/index.php?rest_route=\/wp\/v2\/pages\/60","targetHints":{"allow":["GET"]}}],"collection":[{"href":"https:\/\/hungermarsch.de\/index.php?rest_route=\/wp\/v2\/pages"}],"about":[{"href":"https:\/\/hungermarsch.de\/index.php?rest_route=\/wp\/v2\/types\/page"}],"author":[{"embeddable":true,"href":"https:\/\/hungermarsch.de\/index.php?rest_route=\/wp\/v2\/users\/1"}],"replies":[{"embeddable":true,"href":"https:\/\/hungermarsch.de\/index.php?rest_route=%2Fwp%2Fv2%2Fcomments&post=60"}],"version-history":[{"count":17,"href":"https:\/\/hungermarsch.de\/index.php?rest_route=\/wp\/v2\/pages\/60\/revisions"}],"predecessor-version":[{"id":678,"href":"https:\/\/hungermarsch.de\/index.php?rest_route=\/wp\/v2\/pages\/60\/revisions\/678"}],"wp:attachment":[{"href":"https:\/\/hungermarsch.de\/index.php?rest_route=%2Fwp%2Fv2%2Fmedia&parent=60"}],"curies":[{"name":"wp","href":"https:\/\/api.w.org\/{rel}","templated":true}]}}