{"id":55,"date":"2013-05-20T12:29:27","date_gmt":"2013-05-20T10:29:27","guid":{"rendered":"http:\/\/192.168.0.1\/hungermarsch\/?page_id=55"},"modified":"2024-05-17T14:13:50","modified_gmt":"2024-05-17T12:13:50","slug":"spendenkonten","status":"publish","type":"page","link":"https:\/\/hungermarsch.de\/?page_id=55","title":{"rendered":"Spendenkonten"},"content":{"rendered":"\n<p><strong><span style=\"text-decoration: underline;\">LANDAUER HUNGERMARSCH E.V.<\/span><\/strong><\/p>\n\n\n\n<p class=\"has-medium-font-size\"><strong>Konto VR Bank S\u00fcdpfalz <\/strong><br><strong>IBAN: DE15 5486 2500 0000 7855 55<\/strong><br><strong>BIC: GENODE61S\u00dcW<\/strong><\/p>\n\n\n\n<p class=\"has-medium-font-size\"><strong>Konto Sparkasse S\u00fcdliche Weinstra\u00dfe<\/strong><br><strong> IBAN: DE16 5485 0010 0000 0800 93<\/strong><br><strong> BIC: SOLADES1S\u00dcW<\/strong><\/p>\n\n\n\n<p class=\"has-medium-font-size\"><mark style=\"background-color:rgba(0, 0, 0, 0)\" class=\"has-inline-color has-dark-gray-color\"><span style=\"font-family: Helvetica, serif;\"><b><span style=\"color: #444444;\">Spendenbescheinigungen werden gerne ausgestellt<\/span><\/b><\/span>!<strong><span style=\"text-decoration: underline;\"><\/span><\/strong><\/mark><\/p>\n","protected":false},"excerpt":{"rendered":"<p>LANDAUER HUNGERMARSCH E.V. Konto VR Bank S\u00fcdpfalz IBAN: DE15 5486 2500 0000 7855 55BIC: GENODE61S\u00dcW Konto Sparkasse S\u00fcdliche Weinstra\u00dfe IBAN: DE16 5485 0010 0000 0800 93 BIC: SOLADES1S\u00dcW Spendenbescheinigungen werden gerne ausgestellt!<\/p>\n","protected":false},"author":1,"featured_media":0,"parent":0,"menu_order":0,"comment_status":"closed","ping_status":"open","template":"","meta":{"footnotes":""},"class_list":["post-55","page","type-page","status-publish","hentry"],"_links":{"self":[{"href":"https:\/\/hungermarsch.de\/index.php?rest_route=\/wp\/v2\/pages\/55","targetHints":{"allow":["GET"]}}],"collection":[{"href":"https:\/\/hungermarsch.de\/index.php?rest_route=\/wp\/v2\/pages"}],"about":[{"href":"https:\/\/hungermarsch.de\/index.php?rest_route=\/wp\/v2\/types\/page"}],"author":[{"embeddable":true,"href":"https:\/\/hungermarsch.de\/index.php?rest_route=\/wp\/v2\/users\/1"}],"replies":[{"embeddable":true,"href":"https:\/\/hungermarsch.de\/index.php?rest_route=%2Fwp%2Fv2%2Fcomments&post=55"}],"version-history":[{"count":7,"href":"https:\/\/hungermarsch.de\/index.php?rest_route=\/wp\/v2\/pages\/55\/revisions"}],"predecessor-version":[{"id":609,"href":"https:\/\/hungermarsch.de\/index.php?rest_route=\/wp\/v2\/pages\/55\/revisions\/609"}],"wp:attachment":[{"href":"https:\/\/hungermarsch.de\/index.php?rest_route=%2Fwp%2Fv2%2Fmedia&parent=55"}],"curies":[{"name":"wp","href":"https:\/\/api.w.org\/{rel}","templated":true}]}}