{"id":54,"date":"2013-05-20T12:29:28","date_gmt":"2013-05-20T10:29:28","guid":{"rendered":"http:\/\/192.168.0.1\/hungermarsch\/?page_id=54"},"modified":"2026-04-21T09:30:56","modified_gmt":"2026-04-21T07:30:56","slug":"wir-laden-ein","status":"publish","type":"page","link":"https:\/\/hungermarsch.de\/","title":{"rendered":"Wir laden ein"},"content":{"rendered":"<h1 style=\"text-align: center;\">\u00a0<span style=\"text-decoration: underline;\">zum 50. Landauer Hungermarsch<\/span><\/h1>\r\n<div id=\"content\">\r\n<h2 style=\"text-align: center;\"><span style=\"text-decoration: underline;\">14. Mai 2026<\/span><\/h2>\r\n<h2 style=\"text-align: center;\"><span style=\"text-decoration: underline;\">Christi Himmelfahrt<\/span><\/h2>\r\n<\/div>\r\n<p align=\"justify\">\u201e<\/p>\r\n<p align=\"justify\"><span style=\"font-family: Arial Narrow, sans-serif;\"><span style=\"font-size: large;\">Liebe Freunde, liebe Gemeinschaft des Landauer Hungermarsches,<\/span><\/span><\/p>\r\n<p align=\"justify\"><span style=\"font-family: Arial Narrow, sans-serif;\"><span style=\"font-size: large;\"><b>Mtu ni mtu kwa wote! <\/b><\/span><\/span><span style=\"font-family: Arial Narrow, sans-serif;\"><span style=\"font-size: large;\"><i>Ein Mensch ist ein Mensch durch andere Menschen<\/i><\/span><\/span><span style=\"font-family: Arial Narrow, sans-serif;\"><span style=\"font-size: large;\">. <\/span><\/span><\/p>\r\n<p align=\"justify\"><span style=\"font-family: Arial Narrow, sans-serif;\"><span style=\"font-size: large;\">Dieser Leitgedanke aus der Ubuntu-Philosophie findet sich seit Generationen in vielen Wertvorstellungen und Haltungen afrikanischer Familien, Gruppen und St\u00e4mmen. <\/span><\/span><\/p>\r\n<p align=\"justify\"><span style=\"font-family: Arial Narrow, sans-serif;\"><span style=\"font-size: large;\">Bischof Desmond Tutu als einer der bekanntesten Vertreter der Ubuntu formulierte es basierend auch auf seinem christlich theologischen Verst\u00e4ndnis einmal so:<\/span><\/span><i> <\/i><\/p>\r\n<p align=\"justify\"><strong><span style=\"font-family: Arial Narrow, sans-serif;\"><span style=\"font-size: large;\"><i>&#8222;<\/i><\/span><\/span><\/strong><span style=\"color: #0000ff;\"><a href=\"https:\/\/www.google.com\/search?q=Mein+Menschsein+ist+mit+deinem+untrennbar+verbunden&amp;sca_esv=651164c6481fa95a&amp;source=hp&amp;ei=Lb5saZC1BqaP9u8PsMSngAs&amp;iflsig=AFdpzrgAAAAAaWzMPR6ub4vzEElxpwvcPWptAvn7xahz&amp;ved=2ahUKEwjcoNzJ-JSSAxW79LsIHTHjF38QgK4QegQIAxAD&amp;uact=5&amp;oq=ubuntu+zitate&amp;gs_lp=Egdnd3Mtd2l6Ig11YnVudHUgeml0YXRlMgYQABgWGB4yCBAAGIAEGKIEMggQABiABBiiBDIIEAAYgAQYogRIvR1QAFiVG3AAeACQAQCYAWSgAdEGqgEEMTIuMbgBA8gBAPgBAZgCDaACpQfCAgoQABiABBhDGIoFwgILEC4YgAQYsQMYgwHCAgsQABiABBixAxiDAcICBBAAGAPCAggQABiABBixA8ICCBAuGIAEGLEDwgIFEAAYgATCAg0QABiABBixAxhDGIoFwgIOEC4YgAQYsQMY0QMYxwHCAg4QLhiABBixAxjHARivAcICCxAuGIAEGMcBGK8BwgIHEAAYgAQYDcICBhAAGA0YHpgDAJIHBDEyLjGgB9pLsgcEMTIuMbgHpQfCBwcwLjcuNC4yyAc7gAgA&amp;sclient=gws-wiz&amp;mstk=AUtExfDjpuCNsdGZqZbAR-Ze-n_gXn2aaj2RRIPDXG606aMItlCbK1JuINkg8oHumU9Nu9-OOHRroNjdzbChjv9jILPNCQLgvucdxAYMzcQxRaq5SWv4olcBfeaTwztP_WxHBYU&amp;csui=3\"><span style=\"color: #000000;\"><span style=\"font-family: Arial Narrow, sans-serif;\"><span style=\"font-size: large;\"><i>Mein Menschsein ist mit deinem untrennbar verbunden<\/i><\/span><\/span><\/span><\/a><\/span><strong><span style=\"font-family: Arial Narrow, sans-serif;\"><span style=\"font-size: large;\"><i>.&#8220;<\/i><\/span><\/span><\/strong><span style=\"font-family: Arial Narrow, sans-serif;\"><span style=\"font-size: large;\"><i>\u00a0<\/i><\/span><\/span><\/p>\r\n<p align=\"justify\"><span style=\"color: #0a0a0a;\"><span style=\"font-family: Arial Narrow, sans-serif;\"><span style=\"font-size: large;\">Hermann Kiefer hatte mit seiner Gruppe Studierender der Katholischen Hochschulgemeinde diese Haltung verinnerlicht, als sie unter dem Eindruck der Erfahrungen in Kenia gemeinsam in Landau den ersten Hungermarsch ins Leben riefen. Das war 1977. <\/span><\/span><\/span><\/p>\r\n<p align=\"justify\"><span style=\"color: #0a0a0a;\"><span style=\"font-family: Arial Narrow, sans-serif;\"><span style=\"font-size: large;\">Es sollte zun\u00e4chst eine gemeinschaftliche Solidarit\u00e4tsaktion sein, um auf die Not der Menschen in Ostafrika aufmerksam zu machen.<\/span><\/span><\/span><\/p>\r\n<p align=\"justify\"><span style=\"color: #0a0a0a;\"><span style=\"font-family: Arial Narrow, sans-serif;\"><span style=\"font-size: large;\">In tiefer Verbundenheit und Anteilnahme, getragen von der christlichen Botschaft der Geschwisterlichkeit und N\u00e4chstenliebe, gemeinsam einen Weg laufen, fast 30 Kilometer, <\/span><\/span><\/span><\/p>\r\n<p align=\"justify\"><span style=\"color: #0a0a0a;\"><span style=\"font-family: Arial Narrow, sans-serif;\"><span style=\"font-size: large;\">so weit wie viele Kinder, Jugendliche und vor allem auch Frauen t\u00e4glich zu einem Brunnen laufen mussten, um frisches Wasser zu erhalten. <\/span><\/span><\/span><\/p>\r\n<p align=\"justify\"><span style=\"color: #0a0a0a;\"><span style=\"font-family: Arial Narrow, sans-serif;\"><span style=\"font-size: large;\">Gemeinsam Schritt f\u00fcr Schritt in Gedanken und im Herzen vereint und f\u00fcr jeden gelaufenen Kilometer Spendengelder einsammeln, um sie den Menschen f\u00fcr den Bau von Brunnen zur Verf\u00fcgung zu stellen. <\/span><\/span><\/span><\/p>\r\n<p align=\"justify\"><span style=\"color: #0a0a0a;\"><span style=\"font-family: Arial Narrow, sans-serif;\"><span style=\"font-size: large;\">Keiner aus der Gruppe um Hermann Kiefer und Annel Jung h\u00e4tte sich damals 1977 wohl tr\u00e4umen lassen, dass seit dieser Zeit jedes Jahr an Christi Himmelfahrt dieser Hungermarsch stattfindet. <\/span><\/span><\/span><\/p>\r\n<p align=\"justify\"><span style=\"color: #0a0a0a;\"><span style=\"font-family: Arial Narrow, sans-serif;\"><span style=\"font-size: large;\">Seit 50 Jahren gehen Menschen an diesem Tag auf die Stra\u00dfe und durch die Felder und bekunden mit ihrem Einsatz ihre Solidarit\u00e4t.<\/span><\/span><\/span><\/p>\r\n<p align=\"justify\"><span style=\"color: #0a0a0a;\"><span style=\"font-family: Arial Narrow, sans-serif;\"><span style=\"font-size: large;\">Solidarit\u00e4t entsteht dabei aus Begegnung und Beziehung. <\/span><\/span><\/span><\/p>\r\n<p align=\"justify\"><span style=\"color: #0a0a0a;\"><span style=\"font-family: Arial Narrow, sans-serif;\"><span style=\"font-size: large;\">Herman Kiefer wie auch Klaus Armbrust und Annel Jung haben \u00fcber die 50 Jahre hinweg die Beziehung zu ihren Freunden aus den Projekten des Landauer Hungermarsches partnerschaftlich und auf Augenh\u00f6he miteinander gelebt und dadurch ein tiefes und enges Vertrauensverh\u00e4ltnis begr\u00fcndet, was bis heute das Fundament der Arbeit des Landauer Hungermarsches ist. <\/span><\/span><\/span><\/p>\r\n<p align=\"justify\"><span style=\"color: #0a0a0a;\"><span style=\"font-family: Arial Narrow, sans-serif;\"><span style=\"font-size: large;\">So war und ist es m\u00f6glich, dass vielen Kindern, Jugendlichen und ihren Familien durch zahlreiche Spenden geholfen werden konnte. Unsere afrikanischen Freunde gehen dabei in den einzelnen Projekten sehr gewissenhaft und verantwortlich mit den anvertrauten Geldern um. Sie erarbeiten mit den Menschen vor Ort bedarfsorientiert und ressourcenorientiert passende Unterst\u00fctzungsangebote, die im Rahmen ihrer jeweiligen Lebenswirklichkeit von den Menschen direkt vor Ort auch selbstbestimmt umgesetzt und als hilfreich erlebt werden k\u00f6nnen. Wir begleiten und f\u00f6rdern sie dabei mit den vom Landauer Hungermarsch Verein gesammelten Spenden. <\/span><\/span><\/span><\/p>\r\n<p align=\"justify\"><span style=\"color: #0a0a0a;\"><span style=\"font-family: Arial Narrow, sans-serif;\"><span style=\"font-size: large;\">Hilfe zur Selbsthilfe, die in all den Jahren durch das gro\u00dfartige Engagement, das zuverl\u00e4ssige \u201e<\/span><\/span><\/span><span style=\"color: #0a0a0a;\"><span style=\"font-family: Arial Narrow, sans-serif;\"><span style=\"font-size: large;\"><i>Marschieren<\/i><\/span><\/span><\/span><span style=\"color: #0a0a0a;\"><span style=\"font-family: Arial Narrow, sans-serif;\"><span style=\"font-size: large;\">\u201c und Spendensammeln zahlreicher Menschen der Hungermarsch Gemeinschaft getragen und erm\u00f6glicht wurde. Ihr Menschsein ist auch dadurch untrennbar mit dem Menschsein anderer verbunden und wir sind dankbar f\u00fcr diese langj\u00e4hrige Unterst\u00fctzung.<\/span><\/span><\/span><\/p>\r\n<p align=\"justify\"><span style=\"color: #0a0a0a;\"><span style=\"font-family: Arial Narrow, sans-serif;\"><span style=\"font-size: large;\">Auch in diesem Jahr werden wir mit diesen Geldern wieder zahlreiche Projekte in Ostafrika unterst\u00fctzen, die Informationen hierzu finden Sie wie gewohnt in unserem Flyer oder auf unserer Homepage. <\/span><\/span><\/span><\/p>\r\n<p align=\"justify\"><span style=\"color: #0a0a0a;\"><span style=\"font-family: Arial Narrow, sans-serif;\"><span style=\"font-size: large;\">Sie sind auch herzlich willkommen, ins pers\u00f6nliche Gespr\u00e4ch mit uns und den afrikanischen Projektverantwortlichen zu gehen, wir haben zum diesj\u00e4hrigen Hungermarsch wieder G\u00e4ste aus Kenia, Tanzania und Sansibar eingeladen. <\/span><\/span><\/span><\/p>\r\n<p align=\"justify\"><span style=\"color: #0a0a0a;\"><span style=\"font-family: Arial Narrow, sans-serif;\"><span style=\"font-size: large;\"><b>Gemeinsam feiern wir nun 50 Jahre Hungermarsch!<\/b><\/span><\/span><\/span><\/p>\r\n<p align=\"justify\"><span style=\"color: #0a0a0a;\"><span style=\"font-family: Arial Narrow, sans-serif;\"><span style=\"font-size: large;\">Und wie geht es weiter? <\/span><\/span><\/span><\/p>\r\n<p align=\"justify\"><span style=\"color: #0a0a0a;\"><span style=\"font-family: Arial Narrow, sans-serif;\"><span style=\"font-size: large;\">Im wahrsten Sinne des Wortes durchs \u201e<\/span><\/span><\/span><span style=\"color: #0a0a0a;\"><span style=\"font-family: Arial Narrow, sans-serif;\"><span style=\"font-size: large;\"><i>gehen<\/i><\/span><\/span><\/span><span style=\"color: #0a0a0a;\"><span style=\"font-family: Arial Narrow, sans-serif;\"><span style=\"font-size: large;\">\u201c \u2013 ganz konkret am <\/span><\/span><\/span><span style=\"color: #0a0a0a;\"><span style=\"font-family: Arial Narrow, sans-serif;\"><span style=\"font-size: large;\"><b>14. Mai 2026! <\/b><\/span><\/span><\/span><\/p>\r\n<p align=\"justify\"><span style=\"color: #0a0a0a;\"><span style=\"font-family: Arial Narrow, sans-serif;\"><span style=\"font-size: large;\">Der Landauer Hungermarsch lebt durch Sie, durch uns alle, vom aktiven Tun, vom aktiven Lauf, dem Marsch der Solidarit\u00e4t. Wir sind auch f\u00fcr die Zukunft eingeladen, in Beziehung zu gehen, uns ber\u00fchren zu lassen und aktiv Anteil zu nehmen. <\/span><\/span><\/span><\/p>\r\n<p align=\"justify\"><span style=\"color: #0a0a0a;\">\u201e<span style=\"font-family: Arial Narrow, sans-serif;\"><span style=\"font-size: large;\"><i>Mein Menschsein ist mit deinem untrennbar verbunden!\u201c <\/i><\/span><\/span><\/span><span style=\"color: #0a0a0a;\"><span style=\"font-family: Arial Narrow, sans-serif;\"><span style=\"font-size: large;\">hei\u00dft auch in Zukunft Verantwortung zu \u00fcbernehmen, Verantwortung f\u00fcr eine gerechte Welt. Denn mit Blick in die heutige Welt, in der zunehmend Aggression, Ausgrenzung und Ausbeutung dominieren, in der einige wenige auf Kosten von vielen den Wert ihres Lebens \u00fcber das der anderen stellen wollen, <\/span><\/span><\/span><\/p>\r\n<p align=\"justify\"><span style=\"color: #0a0a0a;\"><span style=\"font-family: Arial Narrow, sans-serif;\"><span style=\"font-size: large;\">braucht es uns als Gemeinschaft mit der gemeinsamen Haltung <\/span><\/span><\/span><span style=\"color: #0a0a0a;\"><span style=\"font-family: Arial Narrow, sans-serif;\"><span style=\"font-size: large;\"><i><b>\u201eMtu ni mtu kwa wote\u201c<\/b><\/i><\/span><\/span><\/span><\/p>\r\n<p align=\"justify\"><span style=\"color: #0a0a0a;\"><span style=\"font-family: Arial Narrow, sans-serif;\"><span style=\"font-size: large;\"><i>Ein Mensch ist ein Mensch durch andere Menschen<\/i><\/span><\/span><\/span><span style=\"color: #0a0a0a;\"><span style=\"font-family: Arial Narrow, sans-serif;\"><span style=\"font-size: large;\">. Stehen wir also auf und gehen auf die Stra\u00dfe und durch die Felder, laufen wir mit beim Landauer Hungermarsch und sammeln Gelder f\u00fcr unsere Freunde in Not.<\/span><\/span><\/span><\/p>\r\n<p align=\"justify\"><span style=\"color: #0a0a0a;\"><span style=\"font-family: Arial Narrow, sans-serif;\"><span style=\"font-size: large;\">Schon jetzt mit einem herzlichen Danke und der <\/span><\/span><\/span><span style=\"font-family: Arial Narrow, sans-serif;\"><span style=\"font-size: large;\">Vorfreude auf Christi Himmelfahrt, <br \/>und ein herzliches Willkommen zu den Angeboten im Jubil\u00e4umjahr, die Sie in der Brosch\u00fcre finden. <\/span><\/span><\/p>\r\n<p align=\"justify\"><span style=\"font-family: Arial Narrow, sans-serif;\"><span style=\"font-size: large;\">Im Namen des Vorstandes des Landauer Hungermarsch Vereins <\/span><\/span><\/p>\r\n<p align=\"justify\"><span style=\"font-family: Arial Narrow, sans-serif;\"><span style=\"font-size: large;\"><b>Annel Jung, Artur Kessler und David Schr\u00f6ter<\/b><\/span><\/span><\/p>\r\n<p align=\"justify\"><span style=\"font-family: Arial Narrow, sans-serif;\"><span style=\"font-size: large;\">Und noch eine kleine Bitte: Sollten Sie diese Post von uns nicht mehr w\u00fcnschen, schreiben Sie uns bitte eine Mail an <\/span><\/span><span style=\"color: #0000ff;\"><u><a href=\"mailto:hungermarsch@kirchelandau.de\"><span style=\"font-family: Arial Narrow, sans-serif;\"><span style=\"font-size: large;\">hungermarsch@kirchelandau.de<\/span><\/span><\/a><\/u><\/span><\/p>\r\n<hr \/>\r\n<div id=\"content\">\r\n<p><span style=\"color: #444444;\"><span style=\"font-family: Liberation Serif, serif;\"><span style=\"font-size: x-large;\"><b>Ihre Teilnahme am Landauer Hungermarsch:<\/b><\/span><\/span><\/span><\/p>\r\n<p><span style=\"font-family: Liberation Serif, serif;\"><span style=\"font-size: x-large;\">Christi Himmelfahrt ist Hungermarschtag!<\/span><\/span><\/p>\r\n<p><span style=\"font-family: Liberation Serif, serif;\"><span style=\"font-size: x-large;\">Zum 50. Mal werden sich viele Menschen an Christi Himmelfahrt auf den Weg der Solidarit\u00e4t machen. Die Projekte in f\u00fcnf L\u00e4ndern Afrikas brauchen nach wie vor unsere Unterst\u00fctzung und Hilfe. Dank der sehr hohen Spendenbereitschaft konnten die im letzten Jahr beschriebenen Projekte begonnen und umgesetzt werden. Unsere Projektpartner\/innen garantieren mit ihrer vorbildlichen Arbeit vor Ort daf\u00fcr, dass die Spenden dort ankommen, wo sie gebraucht werden. Regelm\u00e4\u00dfige Kontakte und Berichte beweisen dies. Wir bitten Sie, Erwachsene, Jugendliche und Kinder, bei unserem Hungermarsch mitzumachen. Wer selbst nicht mitlaufen kann, hat die M\u00f6glichkeit, diese Aktion durch eine Spende zu unter-st\u00fctzen. Wer mitlaufen m\u00f6chte, besorgt sich eine Hunger-marsch-Teilnehmerkarte. Teilnehmerkarten sind erh\u00e4ltlich bei allen Pfarr\u00e4mtern in und um Landau. Sie k\u00f6nnen die Karte auch im Internet herunterladen (<a href=\"https:\/\/hungermarsch.de\/?page_id=76\">www.hungermarsch.de<\/a>), sowie telefonisch unter der Nummer 06341-9959647 (Frau Jung) oder 06341-968980 (Pfarramt Mari\u00e4 Himmelfahrt) anfordern. Mit Ihrer Teilnehmerkarte gehen Sie bitte vor dem Hungermarsch zu Ihren Verwandten, Freunden, Nachbarn und Sponsoren und bitten sie um einen festen Betrag oder einen Betrag pro zu wandernden Kilometer und lassen sich dies auf Ihrer Teilnehmerkarte best\u00e4tigen. Die vereinbarten Betr\u00e4ge k\u00f6nnen Sie dann nach dem Hungermarsch einsammeln und die Gesamtsumme auf unser Spendenkonto einzahlen.<\/span><\/span><\/p>\r\n<p>&nbsp;<\/p>\r\n<img decoding=\"async\" src=\"http:\/\/www.hungermarsch.de\/hungermarsch\/Hungermarsch_Bild540.jpg\" alt=\"\" \/><\/div>\r\n<hr \/>\r\n<h2>Spendenkonten<\/h2>\r\n<h3><strong>LANDAUER HUNGERMARSCH E.V<\/strong><!-- \/wp:post-content -->\r\n\r\n<!-- wp:paragraph {\"fontSize\":\"medium\"} --><\/h3>\r\n<p class=\"has-medium-font-size\"><strong>Konto VR Bank S\u00fcdpfalz <br \/><\/strong> <strong>IBAN: DE15 5486 2500 0000 7855 55 <br \/><\/strong><strong>BIC: GENODE61S\u00dcW<\/strong><\/p>\r\n<h3><!-- \/wp:paragraph -->\r\n\r\n<!-- wp:paragraph {\"fontSize\":\"medium\"} --><\/h3>\r\n<p class=\"has-medium-font-size\"><strong>Konto Sparkasse S\u00fcdpfalz<\/strong>\u00a0<br \/><strong>IBAN: DE16 5485 0010 0000 0800 93<\/strong> <strong> <br \/>BIC: SOLADES1S\u00dcW<\/strong><\/p>\r\n<h3><!-- \/wp:paragraph -->\r\n\r\n<!-- wp:paragraph {\"fontSize\":\"medium\"} --> <strong>Spendenbescheinigungen werden gerne ausgestellt!<\/strong><\/h3>\r\n<p>&nbsp;<\/p>\r\n<hr \/>\r\n<div>\r\n<p><strong><span style=\"font-family: Liberation Serif, serif;\"><span style=\"font-size: x-large;\">Ablauf des 50. Landauer Hungermarsches<\/span><\/span><\/strong><\/p>\r\n<p><span style=\"font-family: Liberation Serif, serif;\"><span style=\"font-size: x-large;\">Der Hungermarsch beginnt mit einem Gottesdienst um 09.00 Uhr in der Marienkirche in Landau. Die musikalische Gestaltung \u00fcbernimmt das Coeurchen. <\/span><\/span><\/p>\r\n<p><span style=\"font-family: Liberation Serif, serif;\"><span style=\"font-size: x-large;\">In diesem Jahr werden wir aus Anlasse des 50. Hungermarschs mehrere G\u00e4ste aus Afrika begr\u00fc\u00dfen k\u00f6nnen:<\/span><\/span><\/p>\r\n<p><span style=\"font-family: Liberation Serif, serif;\"><span style=\"font-size: x-large;\">Sr. Genovefa und zwei Mitarbeiter aus Kenia. Diese beiden Mitarbeiter wurden als Aidswaisen von den Schwestern augenommen und gef\u00f6rdert und arbeiten nun als Arzt bzw. als IT-ler bei den Schwestern. Eine Erfolgsgeschichte, auch durch die Mithilfe des Landauer Hungermarsches.<\/span><\/span><\/p>\r\n<p><span style=\"font-family: Liberation Serif, serif;\"><span style=\"font-size: x-large;\">Bischof Augustin aus Sansibar, verantwortlich f\u00fcr die Reaheinrichtung f\u00fcr von Gewalt betroffene Frauen\u00a0 und Bischof Rogath aus Tansania, verantwortlich f\u00fcr viele Wasserprojekte und den Bau der Klaus-Armbrust-Schule.<\/span><\/span><\/p>\r\n<p><span style=\"font-family: Liberation Serif, serif;\"><span style=\"font-size: x-large;\">Unser Bischof Dr. Karl-Heinz Wiesemann wird den Gottesdienst leiten und die Festpredigt halten.<\/span><\/span><\/p>\r\n<p><span style=\"font-family: Liberation Serif, serif;\"><span style=\"font-size: x-large;\">\u00a0Der Gottesdienst wird live gestreamt und ist auch danach abrufbar: <a href=\"https:\/\/www.youtube.com\/c\/marienkirchelandau\">www.youtube.com\/c\/marienkirchelandau<\/a>.<\/span><\/span><\/p>\r\n<p><span style=\"font-family: Liberation Serif, serif;\"><span style=\"font-size: x-large;\">Im Anschluss an den Gottesdienst erfolgt der Marsch in Richtung Pf\u00e4lzer Wald. Die Gesamtwanderstrecke betr\u00e4gt etwa 30 km. Die erste Kontroll- und Verpflegungsstelle ist in Ranschbach am Dorfgemeinschaftshaus. Von Ranschbach geht der Weg weiter zum Bildst\u00f6ckl, dann weiter am Ortsrand von Eschbach entlang nach Ilbesheim und schlie\u00dflich zum Pfarrheim St. Albert.<\/span><\/span><\/p>\r\n<p><span style=\"font-family: Liberation Serif, serif;\"><span style=\"font-size: x-large;\">Wir freuen uns und sind dankbar, dass \u2013 wie gehabt eine Bewirtung, sowohl in Ranschbach (nicht mehr am Kaltenbrunn), als auch in Eschbach m\u00f6glich sein wird. In Ilbesheim kann man sich an der Kontrollstelle mit Getr\u00e4nken erfrischen. Abschluss des Hungermarsches ist im Pfarrheim St. Albert, Drachenfelsstra\u00dfe 2. Dort erhalten Sie den letzten Stempel.\u00a0<\/span><\/span><\/p>\r\n<p><span style=\"font-family: Liberation Serif, serif;\"><span style=\"font-size: x-large;\">Die Wegstrecke ist mit gelben Pfeilen gekennzeichnet.\u00a0<\/span><\/span><\/p>\r\n<p><span style=\"font-family: Liberation Serif, serif;\"><span style=\"font-size: x-large;\">Eine Alternativstrecke f\u00fchrt vom Dorfgemeinschaftshaus in Ranschbach nach Ilbesheim und dann zum Pfarrheim St. Albert. Diese Strecke bietet sich besonders f\u00fcr Familien mit Kinderwagen an bzw. f\u00fcr Menschen, die barrierefrei unterwegs sein m\u00f6chten. Hier bietet sich eine Rast an der Alla-Hopp-Anlage in Ilbesheim an.\u00a0<\/span><\/span><\/p>\r\n<hr \/>\r\n<h2>Wegskizze<\/h2>\r\n<img decoding=\"async\" src=\"http:\/\/www.hungermarsch.de\/hungermarsch\/weg540.jpg\" alt=\"\" \/><\/div>\r\n<div>\u00a0<\/div>\r\n<div>\u00a0<\/div>\r\n<div><strong>Schirmherr: Bischof Dr. Karl\u2013Heinz Wiesemann<\/strong><\/div>\r\n<!-- wp:html \/-->\r\n\r\n<!-- wp:html \/-->","protected":false},"excerpt":{"rendered":"<p>\u00a0zum 50. Landauer Hungermarsch 14. Mai 2026 Christi Himmelfahrt \u201e Liebe Freunde, liebe Gemeinschaft des Landauer Hungermarsches, Mtu ni mtu kwa wote! Ein Mensch ist ein Mensch durch andere Menschen. Dieser Leitgedanke aus der Ubuntu-Philosophie findet sich seit Generationen in vielen Wertvorstellungen und Haltungen afrikanischer Familien, Gruppen und St\u00e4mmen. Bischof Desmond Tutu als einer der [&hellip;]<\/p>\n","protected":false},"author":1,"featured_media":0,"parent":0,"menu_order":0,"comment_status":"closed","ping_status":"open","template":"","meta":{"footnotes":""},"class_list":["post-54","page","type-page","status-publish","hentry"],"_links":{"self":[{"href":"https:\/\/hungermarsch.de\/index.php?rest_route=\/wp\/v2\/pages\/54","targetHints":{"allow":["GET"]}}],"collection":[{"href":"https:\/\/hungermarsch.de\/index.php?rest_route=\/wp\/v2\/pages"}],"about":[{"href":"https:\/\/hungermarsch.de\/index.php?rest_route=\/wp\/v2\/types\/page"}],"author":[{"embeddable":true,"href":"https:\/\/hungermarsch.de\/index.php?rest_route=\/wp\/v2\/users\/1"}],"replies":[{"embeddable":true,"href":"https:\/\/hungermarsch.de\/index.php?rest_route=%2Fwp%2Fv2%2Fcomments&post=54"}],"version-history":[{"count":104,"href":"https:\/\/hungermarsch.de\/index.php?rest_route=\/wp\/v2\/pages\/54\/revisions"}],"predecessor-version":[{"id":707,"href":"https:\/\/hungermarsch.de\/index.php?rest_route=\/wp\/v2\/pages\/54\/revisions\/707"}],"wp:attachment":[{"href":"https:\/\/hungermarsch.de\/index.php?rest_route=%2Fwp%2Fv2%2Fmedia&parent=54"}],"curies":[{"name":"wp","href":"https:\/\/api.w.org\/{rel}","templated":true}]}}