{"id":36,"date":"2013-05-17T23:56:07","date_gmt":"2013-05-17T21:56:07","guid":{"rendered":"http:\/\/192.168.0.1\/hungermarsch\/?page_id=36"},"modified":"2026-04-21T09:42:32","modified_gmt":"2026-04-21T07:42:32","slug":"wir-uber-uns","status":"publish","type":"page","link":"https:\/\/hungermarsch.de\/?page_id=36","title":{"rendered":"Wir \u00fcber uns"},"content":{"rendered":"<p>Seit fast 50 Jahren findet der Landauer Hungermarsch unter dem Motto \u201eWandern f\u00fcr die Anderen\u201c an Christi Himmelfahrt statt. Die Idee zu dieser gro\u00dfartigen Initiative entstand in der Katholischen Hochschulgemeinde an der Universit\u00e4t Landau (KHG). Es war der damalige Hochschulpfarrer Hermann Kiefer, der im Jahr 1977 zum ersten Mal zum Landauer Hungermarsch eingeladen hatte.<\/p>\n<p>Nach jahrzehntelangem verdienstvollem Einsatz und verantwortlicher Leitung hat Pfarrer Hermann Kiefer die Geschicke des Hungermarschs in die H\u00e4nde eines neu gegr\u00fcndeten Vereins gelegt. So ist heute der Verein \u201eLandauer Hungermarsch e.V. \u201c Tr\u00e4ger des j\u00e4hrlichen Hungermarschs. Kooperationspartner sind die Katholische Hochschulgemeinde Landau,\u00a0 sowie die Pfarrei Mari\u00e4 Himmelfahrt Landau und\u00a0 das Dekanat Landau. Schirmherr der Veranstaltung ist Bischof Dr. Karl-Heinz Wiesemann.<\/p>\n<p>Vorsitzender des Vereins \u201eLandauer Hungermarsch\u201c war seit 2007 bis 2023 Dekan i.R. Klaus Armbrust, unterst\u00fctzt von einem gew\u00e4hlten Vorstand und zahlreichen Mitgliedern, F\u00f6rderern und Freunden, die das Anliegen tatkr\u00e4ftig vorantreiben.<br \/>\nVon\u00a0 2023 &#8211; 2025\u00a0 f\u00fchrt Annel Jung als1. Vorsitzende den Verein gemeinsam mit einem gew\u00e4hlten Vorstand.<\/p>\n<p>Bei den Neuwahlen Ende November 2025 wurde die Vereinssatzung ge\u00e4ndert und damit auch die Zust\u00e4ndigkeiten im Vorstand.<\/p>\n<p>Es wurde ein Vorstand aus neun Personen von der Mitgliederversammlung gew\u00e4hlt:<\/p>\n<p><strong>Dekan Axel Brecht, Annel Jung, Artur Kessler, Michael M\u00fcller, Gisela R\u00f6del, Fritz Scharping, David Schr\u00f6ter, Ludwig Trauth und Heinz Wagenblatt<\/strong><\/p>\n<p><strong>Annel Jung, Artur Kessler und David Schr\u00f6te<\/strong>r wurden vom Vorstand als vertretungsberechtige Vorst\u00e4nde gew\u00e4hlt.<\/p>\n<p>Der neue Vorstand hat sich eine Gesch\u00e4ftsordnung gegeben. Fritz Scharping ist f\u00fcr die Verwaltung zust\u00e4ndig, Heinz Wagenblatt f\u00fcr die Schriftf\u00fchrung. Weitere Aufgaben wurden im Vorstand aufgeteilt.<\/p>\n<p>Mails an den Hungermarschverein bitte an hungermarsch@kirchelandau.de<\/p>\n","protected":false},"excerpt":{"rendered":"<p>Seit fast 50 Jahren findet der Landauer Hungermarsch unter dem Motto \u201eWandern f\u00fcr die Anderen\u201c an Christi Himmelfahrt statt. Die Idee zu dieser gro\u00dfartigen Initiative entstand in der Katholischen Hochschulgemeinde an der Universit\u00e4t Landau (KHG). Es war der damalige Hochschulpfarrer Hermann Kiefer, der im Jahr 1977 zum ersten Mal zum Landauer Hungermarsch eingeladen hatte. Nach [&hellip;]<\/p>\n","protected":false},"author":1,"featured_media":0,"parent":0,"menu_order":0,"comment_status":"closed","ping_status":"open","template":"","meta":{"footnotes":""},"class_list":["post-36","page","type-page","status-publish","hentry"],"_links":{"self":[{"href":"https:\/\/hungermarsch.de\/index.php?rest_route=\/wp\/v2\/pages\/36","targetHints":{"allow":["GET"]}}],"collection":[{"href":"https:\/\/hungermarsch.de\/index.php?rest_route=\/wp\/v2\/pages"}],"about":[{"href":"https:\/\/hungermarsch.de\/index.php?rest_route=\/wp\/v2\/types\/page"}],"author":[{"embeddable":true,"href":"https:\/\/hungermarsch.de\/index.php?rest_route=\/wp\/v2\/users\/1"}],"replies":[{"embeddable":true,"href":"https:\/\/hungermarsch.de\/index.php?rest_route=%2Fwp%2Fv2%2Fcomments&post=36"}],"version-history":[{"count":25,"href":"https:\/\/hungermarsch.de\/index.php?rest_route=\/wp\/v2\/pages\/36\/revisions"}],"predecessor-version":[{"id":710,"href":"https:\/\/hungermarsch.de\/index.php?rest_route=\/wp\/v2\/pages\/36\/revisions\/710"}],"wp:attachment":[{"href":"https:\/\/hungermarsch.de\/index.php?rest_route=%2Fwp%2Fv2%2Fmedia&parent=36"}],"curies":[{"name":"wp","href":"https:\/\/api.w.org\/{rel}","templated":true}]}}